{"id":426,"date":"2024-01-16T10:53:02","date_gmt":"2024-01-16T10:53:02","guid":{"rendered":"https:\/\/drehmoment-entwicklung.webdesign-schwaben.de\/?page_id=426"},"modified":"2024-06-20T17:49:02","modified_gmt":"2024-06-20T17:49:02","slug":"karriere","status":"publish","type":"page","link":"https:\/\/www.drehmoment.de\/index.php\/karriere\/","title":{"rendered":"Karriere"},"content":{"rendered":"<p>[et_pb_section fb_built=&#8220;1&#8243; fullwidth=&#8220;on&#8220; _builder_version=&#8220;4.22.2&#8243; _module_preset=&#8220;default&#8220; background_enable_image=&#8220;off&#8220; bottom_divider_style=&#8220;arrow2&#8243; bottom_divider_color=&#8220;#FFFFFF&#8220; global_colors_info=&#8220;{}&#8220;][et_pb_fullwidth_slider show_image_video_mobile=&#8220;on&#8220; _builder_version=&#8220;4.25.1&#8243; _module_preset=&#8220;default&#8220; background_image=&#8220;https:\/\/www.drehmoment.de\/wp-content\/uploads\/2024\/02\/1b-Drehmoment-00657.jpg&#8220; parallax=&#8220;on&#8220; min_height=&#8220;326px&#8220; custom_padding=&#8220;|111px||||&#8220; animation_style=&#8220;fade&#8220; auto=&#8220;on&#8220; auto_ignore_hover=&#8220;on&#8220; hover_enabled=&#8220;0&#8243; global_colors_info=&#8220;{}&#8220; sticky_enabled=&#8220;0&#8243;][et_pb_slide _builder_version=&#8220;4.25.1&#8243; _module_preset=&#8220;default&#8220; background_image=&#8220;https:\/\/www.drehmoment.de\/wp-content\/uploads\/2024\/02\/1b-Drehmoment-00660.jpg&#8220; background_enable_image=&#8220;on&#8220; global_colors_info=&#8220;{}&#8220; sticky_transition=&#8220;on&#8220;][\/et_pb_slide][et_pb_slide _builder_version=&#8220;4.25.1&#8243; _module_preset=&#8220;default&#8220; background_enable_color=&#8220;off&#8220; background_image=&#8220;https:\/\/www.drehmoment.de\/wp-content\/uploads\/2024\/06\/1-b-Drehmoment-00638.jpg&#8220; background_enable_image=&#8220;on&#8220; background_size=&#8220;contain&#8220; hover_enabled=&#8220;0&#8243; global_colors_info=&#8220;{}&#8220; sticky_transition=&#8220;on&#8220; title_text=&#8220;1-b-Drehmoment-00638&#8243; sticky_enabled=&#8220;0&#8243;][\/et_pb_slide][\/et_pb_fullwidth_slider][\/et_pb_section][et_pb_section fb_built=&#8220;1&#8243; _builder_version=&#8220;4.22.2&#8243; _module_preset=&#8220;default&#8220; min_height=&#8220;127.6px&#8220; custom_padding=&#8220;||5px|||&#8220; global_colors_info=&#8220;{}&#8220;][et_pb_row _builder_version=&#8220;4.16&#8243; _module_preset=&#8220;default&#8220; global_colors_info=&#8220;{}&#8220;][et_pb_column type=&#8220;4_4&#8243; _builder_version=&#8220;4.16&#8243; _module_preset=&#8220;default&#8220; global_colors_info=&#8220;{}&#8220;][et_pb_text _builder_version=&#8220;4.22.2&#8243; text_font=&#8220;Arial||||||||&#8220; text_text_color=&#8220;#0C71C3&#8243; text_font_size=&#8220;18px&#8220; text_line_height=&#8220;2em&#8220; header_font=&#8220;Arial||||||||&#8220; header_text_align=&#8220;center&#8220; header_text_color=&#8220;#0C71C3&#8243; header_font_size=&#8220;28px&#8220; header_line_height=&#8220;1.2em&#8220; custom_margin=&#8220;|||&#8220; text_font_size_tablet=&#8220;&#8220; text_font_size_phone=&#8220;16px&#8220; text_font_size_last_edited=&#8220;on|phone&#8220; header_font_size_tablet=&#8220;50px&#8220; header_font_size_phone=&#8220;30px&#8220; header_font_size_last_edited=&#8220;on|phone&#8220; locked=&#8220;off&#8220; global_colors_info=&#8220;{}&#8220;]<\/p>\n<h1>Karriere<\/h1>\n<p>[\/et_pb_text][\/et_pb_column][\/et_pb_row][\/et_pb_section][et_pb_section fb_built=&#8220;1&#8243; _builder_version=&#8220;4.22.2&#8243; _module_preset=&#8220;default&#8220; custom_margin=&#8220;-2px|||||&#8220; custom_padding=&#8220;19px||21px|||&#8220; global_colors_info=&#8220;{}&#8220;][et_pb_row _builder_version=&#8220;4.22.2&#8243; _module_preset=&#8220;default&#8220; custom_padding=&#8220;10px|||||&#8220; animation_style=&#8220;slide&#8220; global_colors_info=&#8220;{}&#8220;][et_pb_column type=&#8220;4_4&#8243; _builder_version=&#8220;4.22.2&#8243; _module_preset=&#8220;default&#8220; global_colors_info=&#8220;{}&#8220;][et_pb_text _builder_version=&#8220;4.25.1&#8243; _module_preset=&#8220;default&#8220; text_font=&#8220;Arial||||||||&#8220; text_font_size=&#8220;19px&#8220; global_colors_info=&#8220;{}&#8220;]<\/p>\n<p>Entdecken Sie eine Arbeitswelt, in der Innovation und Teamgeist im Vordergrund stehen. Bei Drehmoment GmbH bieten wir Ihnen die Freiheit, \u00fcber den Tellerrand hinauszuschauen und Ihre F\u00e4higkeiten in einem dynamischen Umfeld voll zu entfalten.<\/p>\n<p>Bei Drehmoment GmbH sch\u00e4tzen wir das Potenzial jedes Einzelnen und f\u00f6rdern eine Kultur der offenen Kommunikation.<\/p>\n<p>Sind Sie bereit, die Zukunft der Technik mitzugestalten? Dann entdecken Sie Ihre Karrierem\u00f6glichkeiten bei der Drehmoment GmbH<\/p>\n<p>[\/et_pb_text][\/et_pb_column][\/et_pb_row][et_pb_row _builder_version=&#8220;4.22.2&#8243; _module_preset=&#8220;default&#8220; global_colors_info=&#8220;{}&#8220;][et_pb_column type=&#8220;4_4&#8243; _builder_version=&#8220;4.22.2&#8243; _module_preset=&#8220;default&#8220; global_colors_info=&#8220;{}&#8220;][et_pb_accordion closed_toggle_text_color=&#8220;#5e5e5e&#8220; icon_color=&#8220;RGBA(255,255,255,0)&#8220; _builder_version=&#8220;4.25.1&#8243; _module_preset=&#8220;default&#8220; custom_margin=&#8220;-36px|||||&#8220; global_colors_info=&#8220;{}&#8220;][et_pb_accordion_item open=&#8220;on&#8220; closed_toggle_text_color=&#8220;#0C71C3&#8243; closed_toggle_background_color=&#8220;#FFFFFF&#8220; _builder_version=&#8220;4.25.1&#8243; _module_preset=&#8220;default&#8220; border_width_all=&#8220;0px&#8220; global_colors_info=&#8220;{}&#8220; toggle_text_align=&#8220;center&#8220; toggle_font_size=&#8220;17px&#8220; closed_toggle_font_size=&#8220;16px&#8220;][\/et_pb_accordion_item][et_pb_accordion_item title=&#8220; Fachpraktika Technikerarbeiten Bachelorarbeit Masterarbeit f\u00fcr Maschinenbaustudenten\/-innen&#8220; open_toggle_text_color=&#8220;#0C71C3&#8243; open_toggle_background_color=&#8220;#FFFFFF&#8220; closed_toggle_background_color=&#8220;#f4f4f4&#8243; _builder_version=&#8220;4.25.1&#8243; _module_preset=&#8220;default&#8220; box_shadow_style=&#8220;preset1&#8243; global_colors_info=&#8220;{}&#8220; toggle_level=&#8220;h1&#8243; toggle_font=&#8220;Arial||||||||&#8220; open=&#8220;off&#8220;]<\/p>\n<p>Als<span>\u00a0<\/span><strong>Ingenieur\/Ingenieurin oder Techniker\/Technikerin<\/strong><span> <\/span>im Maschinenbau (Uni\/FH)<\/p>\n<p><strong>Bewerberprofil bei Drehmoment GmbH:<\/strong><\/p>\n<ul>\n<li>Sie haben ein Praxissemester zu absolvieren?<\/li>\n<li>Sie wollen Konstruktion und Berechnung in der Praxis kennenlernen?<\/li>\n<li>Sie suchen ein Thema f\u00fcr Ihre Techniker, Bachelor- oder Masterarbeit?<\/li>\n<\/ul>\n<p><strong>Wir bieten zur Realisierung Ihrer Vorhaben:<\/strong><\/p>\n<ul>\n<li>den Zugang zu modern ausgestatteten CAD-Arbeitspl\u00e4tzen,<\/li>\n<li>die Nutzung von umfangreicher Simulations- und Berechnungssoftware,<\/li>\n<li>Einarbeitung und Unterst\u00fctzung zum Gebrauch der Softwarepakete,<\/li>\n<li>die Mitarbeit an aktuell laufenden Projekten,<\/li>\n<li>die M\u00f6glichkeit eigene Ideen umzusetzen.<\/li>\n<\/ul>\n<p>[\/et_pb_accordion_item][et_pb_accordion_item title=&#8220;Ausbildung Technische\/-r Produktdesigner\/-in&#8220; open_toggle_text_color=&#8220;#0C71C3&#8243; closed_toggle_text_color=&#8220;#5e5e5e&#8220; closed_toggle_background_color=&#8220;#f4f4f4&#8243; _builder_version=&#8220;4.25.1&#8243; _module_preset=&#8220;default&#8220; body_font=&#8220;Arial||||||||&#8220; box_shadow_style=&#8220;preset1&#8243; global_colors_info=&#8220;{}&#8220; toggle_text_color=&#8220;#0C71C3&#8243; toggle_level=&#8220;h1&#8243; toggle_font=&#8220;Arial||||||||&#8220; open=&#8220;off&#8220;]<\/p>\n<p data-fontsize=\"13\" data-lineheight=\"20.02px\" class=\"fusion-responsive-typography-calculated\">Technische\/r Produktdesigner\/-in<\/p>\n<ul>\n<li>Haben\u00a0Sie Interesse an einer spannenden Ausbildung im Maschinenbau?<\/li>\n<li>M\u00f6chten\u00a0Sie kennenlernen wie Maschinen und Anlagen konstruiert und berechnet werden?<\/li>\n<li>Wollen Sie\u00a0selbst 3D-Modelle generieren, f\u00fcr Berechnungssimulation 3D-Daten vorbereiten, technische Zeichnungen und Dokumentationen erstellen?<\/li>\n<\/ul>\n<p>[\/et_pb_accordion_item][et_pb_accordion_item title=&#8220;Karriere als Technischer Zeichner \/ Produktdesigner f\u00fcr Maschinen- und Anlagenkonstruktion&#8220; open_toggle_text_color=&#8220;#0C71C3&#8243; closed_toggle_text_color=&#8220;#5e5e5e&#8220; closed_toggle_background_color=&#8220;#f4f4f4&#8243; _builder_version=&#8220;4.25.1&#8243; _module_preset=&#8220;default&#8220; body_font=&#8220;Arial||||||||&#8220; box_shadow_style=&#8220;preset1&#8243; global_colors_info=&#8220;{}&#8220; toggle_text_color=&#8220;#0C71C3&#8243; toggle_level=&#8220;h1&#8243; toggle_font=&#8220;Arial||||||||&#8220; open=&#8220;off&#8220;]<\/p>\n<p>Bewerberprofil bei Drehmoment GmbH:<\/p>\n<p>Sie sind Technischer Zeichner\/-in oder Technischer Produktdesigner\/-in?<br \/>Sie haben Interesse am Bereich Sondermaschinen- und Anlagenbau?<br \/>Sie m\u00f6chten sich auch \u00fcber das Erstellen von Zeichnungen hinaus einbringen?<br \/>Sie bevorzugen, ohne Meeting-Marathons konzentriert arbeiten zu k\u00f6nnen?<br \/>Sie sch\u00e4tzen ein pers\u00f6nliches und wenig Hierarchiebetontes Arbeitsklima?<br \/>Sie wollen eine langfristige Bindung in einem soliden Unternehmen mit geringer Fluktuation?<\/p>\n<p>Das bietet Drehmoment GmbH:<br \/>Ein langfristiges Arbeitsverh\u00e4ltnis mit Festanstellung.<br \/>Wir haben \u00e4u\u00dferst anspruchsvolle technische Aufgaben von namhaften Kunden.<br \/>Wir arbeiten mit modernsten Softwarepaketen f\u00fcr CAD und Berechnung.<br \/>Wir pflegen einen unkomplizierten Umgang miteinander auf Augenh\u00f6he.<br \/>Wir bieten einen gro\u00dfz\u00fcgigen Arbeitsplatz.<br \/>Wir erwarten Begeisterung f\u00fcr die L\u00f6sung technischer Problemstellungen.<\/p>\n<p>[\/et_pb_accordion_item][et_pb_accordion_item title=&#8220;Karriere als Ingenieur\/-in oder Techniker\/-in f\u00fcr Konstruktion und Berechnung im Maschinenbau mit Berufserfahrung oder Absolvent&#8220; open_toggle_text_color=&#8220;#0C71C3&#8243; closed_toggle_text_color=&#8220;#5e5e5e&#8220; closed_toggle_background_color=&#8220;#f4f4f4&#8243; _builder_version=&#8220;4.25.1&#8243; _module_preset=&#8220;default&#8220; body_font=&#8220;Arial||||||||&#8220; box_shadow_style=&#8220;preset1&#8243; global_colors_info=&#8220;{}&#8220; toggle_text_color=&#8220;#0C71C3&#8243; toggle_level=&#8220;h1&#8243; toggle_font=&#8220;Arial||||||||&#8220; open=&#8220;off&#8220;]<\/p>\n<p>Bewerberprofil bei Drehmoment GmbH:<\/p>\n<ul>\n<li>Sie haben sich f\u00fcr die mechanische Konstruktion mit Berechnung entschieden?<\/li>\n<li>Sie lieben knifflige Aufgaben und bringen zur L\u00f6sung die n\u00f6tige Kreativit\u00e4t und Ausdauer mit?<\/li>\n<li>Sie bevorzugen, ohne Meeting-Marathons konzentriert arbeiten zu k\u00f6nnen?<\/li>\n<li>Sie sch\u00e4tzen ein pers\u00f6nliches und wenig hierarchiebetontes Arbeitsklima?<\/li>\n<li>Sie wollen eine langfristige Bindung in einem soliden Unternehmen mit geringer Fluktuation?<\/li>\n<\/ul>\n<p>Das bietet Drehmoment GmbH:<\/p>\n<ul>\n<li>Wir haben \u00e4u\u00dferst anspruchsvolle technische Aufgaben von namhaften Kunden.<\/li>\n<li>Wir arbeiten mit modernsten Softwarepaketen f\u00fcr CAD und Berechnung.<\/li>\n<li>Wir pflegen einen unkomplizierten Umgang miteinander auf Augenh\u00f6he.<\/li>\n<li>Wir bieten einen gro\u00dfz\u00fcgigen Arbeitsplatz.<\/li>\n<li>Wir erwarten Begeisterung f\u00fcr die L\u00f6sung technischer Problemstellungen.<\/li>\n<\/ul>\n<p>[\/et_pb_accordion_item][\/et_pb_accordion][\/et_pb_column][\/et_pb_row][\/et_pb_section][et_pb_section fb_built=&#8220;1&#8243; specialty=&#8220;on&#8220; disabled_on=&#8220;on|on|on&#8220; _builder_version=&#8220;4.25.1&#8243; _module_preset=&#8220;default&#8220; background_color=&#8220;#f4f4f4&#8243; custom_padding=&#8220;29px|||||&#8220; disabled=&#8220;on&#8220; global_colors_info=&#8220;{}&#8220;][et_pb_column type=&#8220;1_2&#8243; _builder_version=&#8220;4.16&#8243; custom_padding=&#8220;|||&#8220; global_colors_info=&#8220;{}&#8220; custom_padding__hover=&#8220;|||&#8220;][et_pb_blurb image=&#8220;https:\/\/www.drehmoment.de\/wp-content\/uploads\/2024\/01\/Konstr-Stellanz-1.jpg&#8220; _builder_version=&#8220;4.22.2&#8243; _module_preset=&#8220;default&#8220; global_colors_info=&#8220;{}&#8220;][\/et_pb_blurb][\/et_pb_column][et_pb_column type=&#8220;1_2&#8243; specialty_columns=&#8220;2&#8243; _builder_version=&#8220;4.16&#8243; custom_padding=&#8220;|||&#8220; global_colors_info=&#8220;{}&#8220; custom_padding__hover=&#8220;|||&#8220;][et_pb_row_inner _builder_version=&#8220;4.22.2&#8243; _module_preset=&#8220;default&#8220; global_colors_info=&#8220;{}&#8220;][et_pb_column_inner saved_specialty_column_type=&#8220;1_2&#8243; _builder_version=&#8220;4.22.2&#8243; _module_preset=&#8220;default&#8220; global_colors_info=&#8220;{}&#8220;][et_pb_blurb image=&#8220;https:\/\/www.drehmoment.de\/wp-content\/uploads\/2024\/01\/Detail-Stellanz-1.jpg&#8220; _builder_version=&#8220;4.22.2&#8243; _module_preset=&#8220;default&#8220; global_colors_info=&#8220;{}&#8220;][\/et_pb_blurb][\/et_pb_column_inner][\/et_pb_row_inner][\/et_pb_column][\/et_pb_section][et_pb_section fb_built=&#8220;1&#8243; prev_background_color=&#8220;#f4f4f4&#8243; _builder_version=&#8220;4.22.2&#8243; _module_preset=&#8220;default&#8220; background_color=&#8220;#45ac34&#8243; use_background_color_gradient=&#8220;on&#8220; background_color_gradient_stops=&#8220;#0c71c3 0%|rgba(41,196,169,0.47) 100%&#8220; background_color_gradient_overlays_image=&#8220;on&#8220; background_image=&#8220;https:\/\/www.drehmoment.de\/wp-content\/uploads\/2024\/01\/Drehmoment-01052.jpg&#8220; top_divider_style=&#8220;arrow&#8220; top_divider_height=&#8220;57px&#8220; top_divider_flip=&#8220;vertical&#8220; global_colors_info=&#8220;{}&#8220;][et_pb_row column_structure=&#8220;1_2,1_2&#8243; padding_top_bottom_link_2=&#8220;true&#8220; padding_left_right_link_2=&#8220;true&#8220; _builder_version=&#8220;4.16&#8243; background_color=&#8220;RGBA(255,255,255,0)&#8220; min_height=&#8220;266.9px&#8220; custom_margin=&#8220;41px|auto||auto||&#8220; custom_padding=&#8220;|30px||30px|false|true&#8220; global_colors_info=&#8220;{}&#8220;][et_pb_column type=&#8220;1_2&#8243; _builder_version=&#8220;4.16&#8243; custom_padding=&#8220;|||&#8220; global_colors_info=&#8220;{}&#8220; custom_padding__hover=&#8220;|||&#8220;][et_pb_text _builder_version=&#8220;4.25.1&#8243; text_font=&#8220;Arial||||||||&#8220; text_text_color=&#8220;#FFFFFF&#8220; text_font_size=&#8220;15px&#8220; header_font=&#8220;||||||||&#8220; header_2_font_size=&#8220;27px&#8220; header_4_font=&#8220;Amiko||||||||&#8220; header_4_text_color=&#8220;rgba(0,0,0,0.5)&#8220; header_4_font_size=&#8220;14px&#8220; header_4_line_height=&#8220;1.5em&#8220; custom_margin=&#8220;19px|||||&#8220; global_colors_info=&#8220;{}&#8220;]<\/p>\n<h2 class=\"p1\"><span style=\"color: #ffffff;\">Kontaktformular<\/span><\/h2>\n<h4><\/h4>\n<p>[\/et_pb_text][et_pb_blurb title=&#8220;+49 8272 9952 0&#8243; use_icon=&#8220;on&#8220; font_icon=&#8220;&#xe090;||divi||400&#8243; icon_color=&#8220;#FFFFFF&#8220; image_icon_background_color=&#8220;RGBA(255,255,255,0)&#8220; icon_placement=&#8220;left&#8220; image_icon_width=&#8220;20px&#8220; _builder_version=&#8220;4.22.2&#8243; header_font=&#8220;Arial||||||||&#8220; header_text_color=&#8220;#FFFFFF&#8220; header_font_size=&#8220;15px&#8220; header_line_height=&#8220;1.8em&#8220; body_font=&#8220;Arial||||||||&#8220; background_layout=&#8220;dark&#8220; custom_margin=&#8220;20px|||&#8220; animation=&#8220;off&#8220; icon_font_size=&#8220;20px&#8220; global_colors_info=&#8220;{}&#8220;][\/et_pb_blurb][et_pb_blurb title=&#8220;Drehmoment GmbH&#8220; use_icon=&#8220;on&#8220; font_icon=&#8220;&#xe081;||divi||400&#8243; icon_color=&#8220;#FFFFFF&#8220; icon_placement=&#8220;left&#8220; image_icon_width=&#8220;20px&#8220; _builder_version=&#8220;4.22.2&#8243; header_font=&#8220;Arial||||||||&#8220; header_text_color=&#8220;#FFFFFF&#8220; header_font_size=&#8220;15px&#8220; header_line_height=&#8220;1.8em&#8220; body_font=&#8220;Arial||||||||&#8220; background_layout=&#8220;dark&#8220; custom_margin=&#8220;20px|||&#8220; animation=&#8220;off&#8220; icon_font_size=&#8220;20px&#8220; global_colors_info=&#8220;{}&#8220;]<\/p>\n<p>Hauptstra\u00dfe 9<br \/>86637 Wertingen<\/p>\n<p>info@drehmoment.de<\/p>\n<p>[\/et_pb_blurb][\/et_pb_column][et_pb_column type=&#8220;1_2&#8243; _builder_version=&#8220;4.16&#8243; custom_padding=&#8220;|||&#8220; global_colors_info=&#8220;{}&#8220; custom_padding__hover=&#8220;|||&#8220;][et_pb_contact_form email=&#8220;info@drehmoment.de&#8220; _builder_version=&#8220;4.22.2&#8243; _module_preset=&#8220;default&#8220; _unique_id=&#8220;d29460f4-955e-42e9-9ad6-cc3da50b4835&#8243; form_field_background_color=&#8220;#FFFFFF&#8220; form_field_text_color=&#8220;#777777&#8243; form_field_focus_background_color=&#8220;#000000&#8243; form_field_focus_text_color=&#8220;#7CDA24&#8243; title_font=&#8220;Arial||||||||&#8220; title_text_color=&#8220;#000000&#8243; title_font_size=&#8220;26px&#8220; captcha_font=&#8220;Arial||||||||&#8220; captcha_text_color=&#8220;#FFFFFF&#8220; captcha_font_size=&#8220;15px&#8220; form_field_font=&#8220;Arial||||||||&#8220; form_field_font_size=&#8220;15px&#8220; background_color=&#8220;RGBA(255,255,255,0)&#8220; custom_button=&#8220;on&#8220; button_text_size=&#8220;15px&#8220; button_text_color=&#8220;#FFFFFF&#8220; button_letter_spacing=&#8220;0px&#8220; button_icon_color=&#8220;#FFFFFF&#8220; width=&#8220;95%&#8220; custom_margin=&#8220;||||false|false&#8220; custom_padding=&#8220;3px|||||&#8220; global_colors_info=&#8220;{}&#8220;][et_pb_contact_field field_id=&#8220;Name&#8220; field_title=&#8220;Name&#8220; _builder_version=&#8220;4.16&#8243; form_field_font_size=&#8220;15px&#8220; background_color=&#8220;RGBA(255,255,255,0)&#8220; background_enable_color=&#8220;on&#8220; global_colors_info=&#8220;{}&#8220; button_text_size__hover_enabled=&#8220;off&#8220; button_one_text_size__hover_enabled=&#8220;off&#8220; button_two_text_size__hover_enabled=&#8220;off&#8220; button_text_color__hover_enabled=&#8220;off&#8220; button_one_text_color__hover_enabled=&#8220;off&#8220; button_two_text_color__hover_enabled=&#8220;off&#8220; button_border_width__hover_enabled=&#8220;off&#8220; button_one_border_width__hover_enabled=&#8220;off&#8220; button_two_border_width__hover_enabled=&#8220;off&#8220; button_border_color__hover_enabled=&#8220;off&#8220; button_one_border_color__hover_enabled=&#8220;off&#8220; button_two_border_color__hover_enabled=&#8220;off&#8220; button_border_radius__hover_enabled=&#8220;off&#8220; button_one_border_radius__hover_enabled=&#8220;off&#8220; button_two_border_radius__hover_enabled=&#8220;off&#8220; button_letter_spacing__hover_enabled=&#8220;off&#8220; button_one_letter_spacing__hover_enabled=&#8220;off&#8220; button_two_letter_spacing__hover_enabled=&#8220;off&#8220; button_bg_color__hover_enabled=&#8220;off&#8220; button_one_bg_color__hover_enabled=&#8220;off&#8220; button_two_bg_color__hover_enabled=&#8220;off&#8220;][\/et_pb_contact_field][et_pb_contact_field field_id=&#8220;Email&#8220; field_title=&#8220;E-Mail-Adresse&#8220; field_type=&#8220;email&#8220; _builder_version=&#8220;4.16&#8243; background_color=&#8220;RGBA(255,255,255,0)&#8220; background_enable_color=&#8220;on&#8220; global_colors_info=&#8220;{}&#8220; button_text_size__hover_enabled=&#8220;off&#8220; button_one_text_size__hover_enabled=&#8220;off&#8220; button_two_text_size__hover_enabled=&#8220;off&#8220; button_text_color__hover_enabled=&#8220;off&#8220; button_one_text_color__hover_enabled=&#8220;off&#8220; button_two_text_color__hover_enabled=&#8220;off&#8220; button_border_width__hover_enabled=&#8220;off&#8220; button_one_border_width__hover_enabled=&#8220;off&#8220; button_two_border_width__hover_enabled=&#8220;off&#8220; button_border_color__hover_enabled=&#8220;off&#8220; button_one_border_color__hover_enabled=&#8220;off&#8220; button_two_border_color__hover_enabled=&#8220;off&#8220; button_border_radius__hover_enabled=&#8220;off&#8220; button_one_border_radius__hover_enabled=&#8220;off&#8220; button_two_border_radius__hover_enabled=&#8220;off&#8220; button_letter_spacing__hover_enabled=&#8220;off&#8220; button_one_letter_spacing__hover_enabled=&#8220;off&#8220; button_two_letter_spacing__hover_enabled=&#8220;off&#8220; button_bg_color__hover_enabled=&#8220;off&#8220; button_one_bg_color__hover_enabled=&#8220;off&#8220; button_two_bg_color__hover_enabled=&#8220;off&#8220;][\/et_pb_contact_field][et_pb_contact_field field_id=&#8220;Message&#8220; field_title=&#8220;Nachricht&#8220; field_type=&#8220;text&#8220; fullwidth_field=&#8220;on&#8220; _builder_version=&#8220;4.16&#8243; background_color=&#8220;RGBA(255,255,255,0)&#8220; background_enable_color=&#8220;on&#8220; global_colors_info=&#8220;{}&#8220; button_text_size__hover_enabled=&#8220;off&#8220; button_one_text_size__hover_enabled=&#8220;off&#8220; button_two_text_size__hover_enabled=&#8220;off&#8220; button_text_color__hover_enabled=&#8220;off&#8220; button_one_text_color__hover_enabled=&#8220;off&#8220; button_two_text_color__hover_enabled=&#8220;off&#8220; button_border_width__hover_enabled=&#8220;off&#8220; button_one_border_width__hover_enabled=&#8220;off&#8220; button_two_border_width__hover_enabled=&#8220;off&#8220; button_border_color__hover_enabled=&#8220;off&#8220; button_one_border_color__hover_enabled=&#8220;off&#8220; button_two_border_color__hover_enabled=&#8220;off&#8220; button_border_radius__hover_enabled=&#8220;off&#8220; button_one_border_radius__hover_enabled=&#8220;off&#8220; button_two_border_radius__hover_enabled=&#8220;off&#8220; button_letter_spacing__hover_enabled=&#8220;off&#8220; button_one_letter_spacing__hover_enabled=&#8220;off&#8220; button_two_letter_spacing__hover_enabled=&#8220;off&#8220; button_bg_color__hover_enabled=&#8220;off&#8220; button_one_bg_color__hover_enabled=&#8220;off&#8220; button_two_bg_color__hover_enabled=&#8220;off&#8220;][\/et_pb_contact_field][et_pb_contact_field field_id=&#8220;Opt-In&#8220; field_title=&#8220;&#8230;&#8220; field_type=&#8220;checkbox&#8220; checkbox_options=&#8220;%91{%22value%22:%22Ich habe die Datenschutzerkl\u00e4rung zur Kenntnis genommen. Ich stimme zu, dass meine Angaben zur Kontaktaufnahme und f\u00fcr R\u00fcckfragen dauerhaft gespeichert werden. Diese Einwilligung kann jederzeit mit Wirkung f\u00fcr die Zukunft widerrufen werden.%22,%22checked%22:0,%22dragID%22:-1}%93&#8243; fullwidth_field=&#8220;on&#8220; _builder_version=&#8220;4.16&#8243; _module_preset=&#8220;default&#8220; form_field_background_color=&#8220;#a3a3a3&#8243; form_field_text_color=&#8220;#FFFFFF&#8220; form_field_focus_background_color=&#8220;#FFFFFF&#8220; form_field_focus_text_color=&#8220;#000000&#8243; background_color=&#8220;RGBA(255,255,255,0)&#8220; background_enable_color=&#8220;on&#8220; custom_margin=&#8220;-2em||||false|false&#8220; custom_padding=&#8220;||||false|false&#8220; global_colors_info=&#8220;{}&#8220;][\/et_pb_contact_field][\/et_pb_contact_form][\/et_pb_column][\/et_pb_row][\/et_pb_section]<\/p>\n","protected":false},"excerpt":{"rendered":"<p>KarriereEntdecken Sie eine Arbeitswelt, in der Innovation und Teamgeist im Vordergrund stehen. Bei Drehmoment GmbH bieten wir Ihnen die Freiheit, \u00fcber den Tellerrand hinauszuschauen und Ihre F\u00e4higkeiten in einem dynamischen Umfeld voll zu entfalten. Bei Drehmoment GmbH sch\u00e4tzen wir das Potenzial jedes Einzelnen und f\u00f6rdern eine Kultur der offenen Kommunikation. Sind Sie bereit, die Zukunft [&hellip;]<\/p>\n","protected":false},"author":1,"featured_media":0,"parent":0,"menu_order":0,"comment_status":"closed","ping_status":"closed","template":"","meta":{"_et_pb_use_builder":"on","_et_pb_old_content":"","_et_gb_content_width":"","footnotes":""},"class_list":["post-426","page","type-page","status-publish","hentry"],"_links":{"self":[{"href":"https:\/\/www.drehmoment.de\/index.php\/wp-json\/wp\/v2\/pages\/426"}],"collection":[{"href":"https:\/\/www.drehmoment.de\/index.php\/wp-json\/wp\/v2\/pages"}],"about":[{"href":"https:\/\/www.drehmoment.de\/index.php\/wp-json\/wp\/v2\/types\/page"}],"author":[{"embeddable":true,"href":"https:\/\/www.drehmoment.de\/index.php\/wp-json\/wp\/v2\/users\/1"}],"replies":[{"embeddable":true,"href":"https:\/\/www.drehmoment.de\/index.php\/wp-json\/wp\/v2\/comments?post=426"}],"version-history":[{"count":50,"href":"https:\/\/www.drehmoment.de\/index.php\/wp-json\/wp\/v2\/pages\/426\/revisions"}],"predecessor-version":[{"id":1042,"href":"https:\/\/www.drehmoment.de\/index.php\/wp-json\/wp\/v2\/pages\/426\/revisions\/1042"}],"wp:attachment":[{"href":"https:\/\/www.drehmoment.de\/index.php\/wp-json\/wp\/v2\/media?parent=426"}],"curies":[{"name":"wp","href":"https:\/\/api.w.org\/{rel}","templated":true}]}}